{"id":1083,"date":"2025-02-21T10:14:02","date_gmt":"2025-02-21T13:14:02","guid":{"rendered":"https:\/\/fruttiveg.com.br\/?page_id=1083"},"modified":"2025-03-20T12:57:13","modified_gmt":"2025-03-20T15:57:13","slug":"aromas-identicos-aos-naturais","status":"publish","type":"page","link":"https:\/\/fruttiveg.com.br\/?page_id=1083","title":{"rendered":"Aromas Id\u00eanticos aos Naturais"},"content":{"rendered":"\t\t<div data-elementor-type=\"wp-page\" data-elementor-id=\"1083\" class=\"elementor elementor-1083\">\n\t\t\t\t\t\t\t<div class=\"elementor-element elementor-element-47de86e3 e-flex e-con-boxed e-con e-parent\" data-id=\"47de86e3\" data-element_type=\"container\" data-settings=\"{&quot;container_type&quot;:&quot;flex&quot;,&quot;content_width&quot;:&quot;boxed&quot;}\" data-core-v316-plus=\"true\">\n\t\t\t\t\t<div class=\"e-con-inner\">\n\t\t\t\t<div class=\"elementor-element elementor-element-16ccd9c elementor-invisible elementor-widget elementor-widget-image\" data-id=\"16ccd9c\" data-element_type=\"widget\" data-settings=\"{&quot;_animation&quot;:&quot;fadeIn&quot;}\" data-widget_type=\"image.default\">\n\t\t\t\t<div class=\"elementor-widget-container\">\n\t\t\t<style>\/*! elementor - v3.18.0 - 20-12-2023 *\/\n.elementor-widget-image{text-align:center}.elementor-widget-image a{display:inline-block}.elementor-widget-image a img[src$=\".svg\"]{width:48px}.elementor-widget-image img{vertical-align:middle;display:inline-block}<\/style>\t\t\t\t\t\t\t\t\t\t\t\t<img fetchpriority=\"high\" decoding=\"async\" width=\"1160\" height=\"500\" src=\"https:\/\/fruttiveg.com.br\/wp-content\/uploads\/2025\/03\/2.png\" class=\"attachment-full size-full wp-image-1257\" alt=\"\" srcset=\"https:\/\/fruttiveg.com.br\/wp-content\/uploads\/2025\/03\/2.png 1160w, https:\/\/fruttiveg.com.br\/wp-content\/uploads\/2025\/03\/2-300x129.png 300w, https:\/\/fruttiveg.com.br\/wp-content\/uploads\/2025\/03\/2-1024x441.png 1024w, https:\/\/fruttiveg.com.br\/wp-content\/uploads\/2025\/03\/2-768x331.png 768w\" sizes=\"(max-width: 1160px) 100vw, 1160px\" \/>\t\t\t\t\t\t\t\t\t\t\t\t\t\t\t<\/div>\n\t\t\t\t<\/div>\n\t\t\t\t\t<\/div>\n\t\t\t\t<\/div>\n\t\t<div class=\"elementor-element elementor-element-e69ce04 e-flex e-con-boxed e-con e-parent\" data-id=\"e69ce04\" data-element_type=\"container\" data-settings=\"{&quot;container_type&quot;:&quot;flex&quot;,&quot;content_width&quot;:&quot;boxed&quot;}\" data-core-v316-plus=\"true\">\n\t\t\t\t\t<div class=\"e-con-inner\">\n\t\t\t\t\t<\/div>\n\t\t\t\t<\/div>\n\t\t<div class=\"elementor-element elementor-element-1ec61103 e-flex e-con-boxed e-con e-parent\" data-id=\"1ec61103\" data-element_type=\"container\" data-settings=\"{&quot;container_type&quot;:&quot;flex&quot;,&quot;content_width&quot;:&quot;boxed&quot;}\" data-core-v316-plus=\"true\">\n\t\t\t\t\t<div class=\"e-con-inner\">\n\t\t<div class=\"elementor-element elementor-element-4068d76b e-con-full e-flex e-con e-child\" data-id=\"4068d76b\" data-element_type=\"container\" data-settings=\"{&quot;content_width&quot;:&quot;full&quot;,&quot;container_type&quot;:&quot;flex&quot;}\">\n\t\t\t\t<div class=\"elementor-element elementor-element-511d21e4 elementor-widget elementor-widget-heading\" data-id=\"511d21e4\" data-element_type=\"widget\" data-widget_type=\"heading.default\">\n\t\t\t\t<div class=\"elementor-widget-container\">\n\t\t\t<style>\/*! elementor - v3.18.0 - 20-12-2023 *\/\n.elementor-heading-title{padding:0;margin:0;line-height:1}.elementor-widget-heading .elementor-heading-title[class*=elementor-size-]>a{color:inherit;font-size:inherit;line-height:inherit}.elementor-widget-heading .elementor-heading-title.elementor-size-small{font-size:15px}.elementor-widget-heading .elementor-heading-title.elementor-size-medium{font-size:19px}.elementor-widget-heading .elementor-heading-title.elementor-size-large{font-size:29px}.elementor-widget-heading .elementor-heading-title.elementor-size-xl{font-size:39px}.elementor-widget-heading .elementor-heading-title.elementor-size-xxl{font-size:59px}<\/style><h2 class=\"elementor-heading-title elementor-size-default\">Aromas<\/h2>\t\t<\/div>\n\t\t\t\t<\/div>\n\t\t<div class=\"elementor-element elementor-element-2b5f85a3 e-grid e-con-boxed e-con e-child\" data-id=\"2b5f85a3\" data-element_type=\"container\" data-settings=\"{&quot;container_type&quot;:&quot;grid&quot;,&quot;grid_columns_grid&quot;:{&quot;unit&quot;:&quot;fr&quot;,&quot;size&quot;:1,&quot;sizes&quot;:[]},&quot;grid_rows_grid&quot;:{&quot;unit&quot;:&quot;fr&quot;,&quot;size&quot;:1,&quot;sizes&quot;:[]},&quot;content_width&quot;:&quot;boxed&quot;,&quot;grid_outline&quot;:&quot;yes&quot;,&quot;grid_columns_grid_tablet&quot;:{&quot;unit&quot;:&quot;fr&quot;,&quot;size&quot;:&quot;&quot;,&quot;sizes&quot;:[]},&quot;grid_columns_grid_mobile&quot;:{&quot;unit&quot;:&quot;fr&quot;,&quot;size&quot;:1,&quot;sizes&quot;:[]},&quot;grid_rows_grid_tablet&quot;:{&quot;unit&quot;:&quot;fr&quot;,&quot;size&quot;:&quot;&quot;,&quot;sizes&quot;:[]},&quot;grid_rows_grid_mobile&quot;:{&quot;unit&quot;:&quot;fr&quot;,&quot;size&quot;:&quot;&quot;,&quot;sizes&quot;:[]},&quot;grid_auto_flow&quot;:&quot;row&quot;,&quot;grid_auto_flow_tablet&quot;:&quot;row&quot;,&quot;grid_auto_flow_mobile&quot;:&quot;row&quot;}\">\n\t\t\t\t\t<div class=\"e-con-inner\">\n\t\t<div class=\"elementor-element elementor-element-418cfccc e-grid e-con-boxed e-con e-child\" data-id=\"418cfccc\" data-element_type=\"container\" data-settings=\"{&quot;container_type&quot;:&quot;grid&quot;,&quot;grid_columns_grid&quot;:{&quot;unit&quot;:&quot;fr&quot;,&quot;size&quot;:2,&quot;sizes&quot;:[]},&quot;grid_rows_grid&quot;:{&quot;unit&quot;:&quot;fr&quot;,&quot;size&quot;:1,&quot;sizes&quot;:[]},&quot;content_width&quot;:&quot;boxed&quot;,&quot;grid_outline&quot;:&quot;yes&quot;,&quot;grid_columns_grid_tablet&quot;:{&quot;unit&quot;:&quot;fr&quot;,&quot;size&quot;:&quot;&quot;,&quot;sizes&quot;:[]},&quot;grid_columns_grid_mobile&quot;:{&quot;unit&quot;:&quot;fr&quot;,&quot;size&quot;:1,&quot;sizes&quot;:[]},&quot;grid_rows_grid_tablet&quot;:{&quot;unit&quot;:&quot;fr&quot;,&quot;size&quot;:&quot;&quot;,&quot;sizes&quot;:[]},&quot;grid_rows_grid_mobile&quot;:{&quot;unit&quot;:&quot;fr&quot;,&quot;size&quot;:&quot;&quot;,&quot;sizes&quot;:[]},&quot;grid_auto_flow&quot;:&quot;row&quot;,&quot;grid_auto_flow_tablet&quot;:&quot;row&quot;,&quot;grid_auto_flow_mobile&quot;:&quot;row&quot;}\">\n\t\t\t\t\t<div class=\"e-con-inner\">\n\t\t\t\t<div class=\"elementor-element elementor-element-2f71c0bb elementor-widget elementor-widget-text-editor\" data-id=\"2f71c0bb\" data-element_type=\"widget\" data-widget_type=\"text-editor.default\">\n\t\t\t\t<div class=\"elementor-widget-container\">\n\t\t\t<style>\/*! elementor - v3.18.0 - 20-12-2023 *\/\n.elementor-widget-text-editor.elementor-drop-cap-view-stacked .elementor-drop-cap{background-color:#69727d;color:#fff}.elementor-widget-text-editor.elementor-drop-cap-view-framed .elementor-drop-cap{color:#69727d;border:3px solid;background-color:transparent}.elementor-widget-text-editor:not(.elementor-drop-cap-view-default) .elementor-drop-cap{margin-top:8px}.elementor-widget-text-editor:not(.elementor-drop-cap-view-default) .elementor-drop-cap-letter{width:1em;height:1em}.elementor-widget-text-editor .elementor-drop-cap{float:left;text-align:center;line-height:1;font-size:50px}.elementor-widget-text-editor .elementor-drop-cap-letter{display:inline-block}<\/style>\t\t\t\t<p class=\"cvGsUA direction-ltr align-start para-style-body\">ABACATE<br \/>ABACAXI<br \/>ACEROLA<br \/>A\u00c7AI<br \/>AMEIXA<br \/>AMORA<br \/>BANANA<br \/>CAJU<br \/>CEREJA<br \/>COCO<br \/>FRAMBOESA<br \/>FRUTAS VERMELHAS<br \/>GOIABA<br \/>GROSELHA<\/p>\t\t\t\t\t\t<\/div>\n\t\t\t\t<\/div>\n\t\t\t\t<div class=\"elementor-element elementor-element-f90aa9d elementor-widget elementor-widget-text-editor\" data-id=\"f90aa9d\" data-element_type=\"widget\" data-widget_type=\"text-editor.default\">\n\t\t\t\t<div class=\"elementor-widget-container\">\n\t\t\t\t\t\t\t<p><span style=\"color: #083064;\">GUARAN\u00c1<\/span><br style=\"color: #083064;\" \/><span style=\"color: #083064;\">JABUTICABA<\/span><br style=\"color: #083064;\" \/><span style=\"color: #083064;\">KIWI<\/span><br style=\"color: #083064;\" \/><span style=\"color: #083064;\">LARANJA<\/span><br style=\"color: #083064;\" \/><span style=\"color: #083064;\">LIM\u00c3O<\/span><br style=\"color: #083064;\" \/><span style=\"color: #083064;\">MA\u00c7A<\/span><br style=\"color: #083064;\" \/><span style=\"color: #083064;\">MANGA<\/span><br style=\"color: #083064;\" \/><span style=\"color: #083064;\">MELANCIA<\/span><br style=\"color: #083064;\" \/><span style=\"color: #083064;\">MORANGO<\/span><br style=\"color: #083064;\" \/><span style=\"color: #083064;\">MARACUJ\u00c1<\/span><br style=\"color: #083064;\" \/><span style=\"color: #083064;\">P\u00caSSEGO<\/span><br style=\"color: #083064;\" \/><span style=\"color: #083064;\">TANGERINA<\/span><br style=\"color: #083064;\" \/><span style=\"color: #083064;\">UVA<\/span><\/p>\t\t\t\t\t\t<\/div>\n\t\t\t\t<\/div>\n\t\t\t\t\t<\/div>\n\t\t\t\t<\/div>\n\t\t\t\t\t<\/div>\n\t\t\t\t<\/div>\n\t\t\t\t<\/div>\n\t\t\t\t\t<\/div>\n\t\t\t\t<\/div>\n\t\t<div class=\"elementor-element elementor-element-10494ab5 e-flex e-con-boxed e-con e-parent\" data-id=\"10494ab5\" data-element_type=\"container\" data-settings=\"{&quot;container_type&quot;:&quot;flex&quot;,&quot;content_width&quot;:&quot;boxed&quot;}\" data-core-v316-plus=\"true\">\n\t\t\t\t\t<div class=\"e-con-inner\">\n\t\t\t\t<div class=\"elementor-element elementor-element-60b4a630 elementor-invisible elementor-widget elementor-widget-image\" data-id=\"60b4a630\" data-element_type=\"widget\" data-settings=\"{&quot;_animation&quot;:&quot;fadeInRight&quot;}\" data-widget_type=\"image.default\">\n\t\t\t\t<div class=\"elementor-widget-container\">\n\t\t\t\t\t\t\t\t\t\t\t\t\t\t\t<img decoding=\"async\" width=\"604\" height=\"86\" src=\"https:\/\/fruttiveg.com.br\/wp-content\/uploads\/2025\/02\/selos3.png\" class=\"attachment-large size-large wp-image-1187\" alt=\"\" srcset=\"https:\/\/fruttiveg.com.br\/wp-content\/uploads\/2025\/02\/selos3.png 1017w, https:\/\/fruttiveg.com.br\/wp-content\/uploads\/2025\/02\/selos3-300x42.png 300w, https:\/\/fruttiveg.com.br\/wp-content\/uploads\/2025\/02\/selos3-768x109.png 768w\" sizes=\"(max-width: 604px) 100vw, 604px\" \/>\t\t\t\t\t\t\t\t\t\t\t\t\t\t\t<\/div>\n\t\t\t\t<\/div>\n\t\t\t\t\t<\/div>\n\t\t\t\t<\/div>\n\t\t\t\t\t\t\t<\/div>\n\t\t","protected":false},"excerpt":{"rendered":"<p>Aromas ABACATEABACAXIACEROLAA\u00c7AIAMEIXAAMORABANANACAJUCEREJACOCOFRAMBOESAFRUTAS VERMELHASGOIABAGROSELHA GUARAN\u00c1JABUTICABAKIWILARANJALIM\u00c3OMA\u00c7AMANGAMELANCIAMORANGOMARACUJ\u00c1P\u00caSSEGOTANGERINAUVA<\/p>\n","protected":false},"author":1,"featured_media":0,"parent":690,"menu_order":0,"comment_status":"closed","ping_status":"closed","template":"","meta":{"footnotes":""},"class_list":["post-1083","page","type-page","status-publish","hentry"],"_links":{"self":[{"href":"https:\/\/fruttiveg.com.br\/index.php?rest_route=\/wp\/v2\/pages\/1083","targetHints":{"allow":["GET"]}}],"collection":[{"href":"https:\/\/fruttiveg.com.br\/index.php?rest_route=\/wp\/v2\/pages"}],"about":[{"href":"https:\/\/fruttiveg.com.br\/index.php?rest_route=\/wp\/v2\/types\/page"}],"author":[{"embeddable":true,"href":"https:\/\/fruttiveg.com.br\/index.php?rest_route=\/wp\/v2\/users\/1"}],"replies":[{"embeddable":true,"href":"https:\/\/fruttiveg.com.br\/index.php?rest_route=%2Fwp%2Fv2%2Fcomments&post=1083"}],"version-history":[{"count":14,"href":"https:\/\/fruttiveg.com.br\/index.php?rest_route=\/wp\/v2\/pages\/1083\/revisions"}],"predecessor-version":[{"id":1276,"href":"https:\/\/fruttiveg.com.br\/index.php?rest_route=\/wp\/v2\/pages\/1083\/revisions\/1276"}],"up":[{"embeddable":true,"href":"https:\/\/fruttiveg.com.br\/index.php?rest_route=\/wp\/v2\/pages\/690"}],"wp:attachment":[{"href":"https:\/\/fruttiveg.com.br\/index.php?rest_route=%2Fwp%2Fv2%2Fmedia&parent=1083"}],"curies":[{"name":"wp","href":"https:\/\/api.w.org\/{rel}","templated":true}]}}